{"id":19,"date":"2019-09-11T15:17:00","date_gmt":"2019-09-11T13:17:00","guid":{"rendered":"http:\/\/www.optiqueservices.ci\/?page_id=19"},"modified":"2021-08-13T11:21:23","modified_gmt":"2021-08-13T09:21:23","slug":"offre-duo","status":"publish","type":"page","link":"http:\/\/www.optiqueservices.ci\/index.php\/offre-duo\/","title":{"rendered":"Nouveaut\u00e9s"},"content":{"rendered":"<h2 style=\"text-align: justify;\"><span style=\"font-size: 30pt; font-family: 'Brush Script MT', sans-serif; color: #000000;\">Une paire de verre progressifs photogray + Antireflet ach\u00e9t\u00e9e= Une paire de verre unifocal photogray + Antireflets offerte<\/span><\/h2>\n<h2 style=\"text-align: justify;\"><span style=\"font-size: 30pt; font-family: 'Brush Script MT', sans-serif; color: #000000;\">NB: Prescription diff\u00e9rente ou identique \u00e0 offrir \u00e0 qui vous voulez.<\/span><\/h2>\n","protected":false},"excerpt":{"rendered":"<p>Une paire de verre progressifs photogray + Antireflet ach\u00e9t\u00e9e= Une paire de verre unifocal photogray + Antireflets offerte NB: Prescription diff\u00e9rente ou identique \u00e0 offrir \u00e0 qui vous voulez.<\/p>\n","protected":false},"author":1,"featured_media":0,"parent":0,"menu_order":0,"comment_status":"closed","ping_status":"closed","template":"","meta":[],"_links":{"self":[{"href":"http:\/\/www.optiqueservices.ci\/index.php\/wp-json\/wp\/v2\/pages\/19"}],"collection":[{"href":"http:\/\/www.optiqueservices.ci\/index.php\/wp-json\/wp\/v2\/pages"}],"about":[{"href":"http:\/\/www.optiqueservices.ci\/index.php\/wp-json\/wp\/v2\/types\/page"}],"author":[{"embeddable":true,"href":"http:\/\/www.optiqueservices.ci\/index.php\/wp-json\/wp\/v2\/users\/1"}],"replies":[{"embeddable":true,"href":"http:\/\/www.optiqueservices.ci\/index.php\/wp-json\/wp\/v2\/comments?post=19"}],"version-history":[{"count":3,"href":"http:\/\/www.optiqueservices.ci\/index.php\/wp-json\/wp\/v2\/pages\/19\/revisions"}],"predecessor-version":[{"id":244,"href":"http:\/\/www.optiqueservices.ci\/index.php\/wp-json\/wp\/v2\/pages\/19\/revisions\/244"}],"wp:attachment":[{"href":"http:\/\/www.optiqueservices.ci\/index.php\/wp-json\/wp\/v2\/media?parent=19"}],"curies":[{"name":"wp","href":"https:\/\/api.w.org\/{rel}","templated":true}]}}